{"id":608,"date":"2023-10-20T09:55:51","date_gmt":"2023-10-20T12:55:51","guid":{"rendered":"https:\/\/europet.com.ar\/web\/?page_id=608"},"modified":"2024-10-17T13:19:14","modified_gmt":"2024-10-17T16:19:14","slug":"europet-useful-hints","status":"publish","type":"page","link":"https:\/\/europet.com.ar\/web\/europet-useful-hints\/","title":{"rendered":"Europet &#8211; Useful Hints"},"content":{"rendered":"<p>[et_pb_section fb_built=\u00bb1&#8243; _builder_version=\u00bb4.22.2&#8243; _module_preset=\u00bbdefault\u00bb background_color=\u00bbRGBA(255,255,255,0)\u00bb custom_margin=\u00bb0px|0px|0px|0px|false|false\u00bb custom_padding=\u00bb0px|0px|0px|0px|false|false\u00bb global_colors_info=\u00bb{}\u00bb][et_pb_row _builder_version=\u00bb4.22.2&#8243; _module_preset=\u00bbdefault\u00bb background_color=\u00bbRGBA(255,255,255,0)\u00bb width=\u00bb100%\u00bb max_width=\u00bb2560px\u00bb module_alignment=\u00bbcenter\u00bb custom_padding=\u00bb0px|0px|0px|0px|false|false\u00bb global_colors_info=\u00bb{}\u00bb][et_pb_column type=\u00bb4_4&#8243; _builder_version=\u00bb4.22.2&#8243; _module_preset=\u00bbdefault\u00bb global_colors_info=\u00bb{}\u00bb][et_pb_slider show_arrows=\u00bboff\u00bb disabled_on=\u00bboff|off|on\u00bb _builder_version=\u00bb4.22.2&#8243; _module_preset=\u00bbdefault\u00bb custom_margin=\u00bb||-5px|||\u00bb custom_padding=\u00bb||107px|||\u00bb animation_style=\u00bbfade\u00bb animation_starting_opacity=\u00bb100%\u00bb auto=\u00bbon\u00bb global_colors_info=\u00bb{}\u00bb][et_pb_slide _builder_version=\u00bb4.22.2&#8243; _module_preset=\u00bbdefault\u00bb background_color=\u00bbRGBA(255,255,255,0)\u00bb background_enable_color=\u00bbon\u00bb background_image=\u00bbhttps:\/\/europet.com.ar\/web\/wp-content\/uploads\/2023\/10\/slide-home-04-en.jpg\u00bb background_enable_image=\u00bbon\u00bb global_colors_info=\u00bb{}\u00bb sticky_transition=\u00bbon\u00bb][\/et_pb_slide][et_pb_slide _builder_version=\u00bb4.22.2&#8243; _module_preset=\u00bbdefault\u00bb background_color=\u00bbRGBA(255,255,255,0)\u00bb background_enable_color=\u00bbon\u00bb background_image=\u00bbhttps:\/\/europet.com.ar\/web\/wp-content\/uploads\/2023\/10\/slide-home-01-en.jpg\u00bb background_enable_image=\u00bbon\u00bb global_colors_info=\u00bb{}\u00bb sticky_transition=\u00bbon\u00bb][\/et_pb_slide][\/et_pb_slider][\/et_pb_column][\/et_pb_row][\/et_pb_section][et_pb_section fb_built=\u00bb1&#8243; fullwidth=\u00bbon\u00bb disabled_on=\u00bbon|on|off\u00bb _builder_version=\u00bb4.22.2&#8243; _module_preset=\u00bbdefault\u00bb background_color=\u00bbRGBA(255,255,255,0)\u00bb global_colors_info=\u00bb{}\u00bb][et_pb_fullwidth_code _builder_version=\u00bb4.22.2&#8243; _module_preset=\u00bbdefault\u00bb global_colors_info=\u00bb{}\u00bb]\t<!-- [et_pb_line_break_holder] --><div id=\"metaslider-id-611\" style=\"width: 100%; margin: 0 auto;\" class=\"ml-slider-3-107-0 metaslider metaslider-flex metaslider-611 ml-slider ms-theme-default nav-hidden\" role=\"region\" aria-label=\"useful hints\" data-width=\"1582\">\n    <div id=\"metaslider_container_611\">\n        <div id=\"metaslider_611\">\n            <ul class='slides'>\n                <li style=\"display: block; width: 100%;\" class=\"slide-612 ms-image \" aria-roledescription=\"slide\" data-date=\"2023-10-20 09:57:41\" data-filename=\"slide-home-04-en.jpg\" data-slide-type=\"image\"><img loading=\"lazy\" decoding=\"async\" width=\"1582\" height=\"593\" src=\"https:\/\/europet.com.ar\/web\/wp-content\/uploads\/2023\/10\/slide-home-04-en.jpg\" class=\"slider-611 slide-612 msDefaultImage\" alt=\"\" rel=\"\" title=\"slide-home-04-en\" srcset=\"https:\/\/europet.com.ar\/web\/wp-content\/uploads\/2023\/10\/slide-home-04-en.jpg 1582w, https:\/\/europet.com.ar\/web\/wp-content\/uploads\/2023\/10\/slide-home-04-en-1280x480.jpg 1280w, https:\/\/europet.com.ar\/web\/wp-content\/uploads\/2023\/10\/slide-home-04-en-980x367.jpg 980w, https:\/\/europet.com.ar\/web\/wp-content\/uploads\/2023\/10\/slide-home-04-en-480x180.jpg 480w\" sizes=\"(min-width: 0px) and (max-width: 480px) 480px, (min-width: 481px) and (max-width: 980px) 980px, (min-width: 981px) and (max-width: 1280px) 1280px, (min-width: 1281px) 1582px, 100vw\" \/><\/li>\n                <li style=\"display: none; width: 100%;\" class=\"slide-613 ms-image \" aria-roledescription=\"slide\" data-date=\"2023-10-20 09:57:41\" data-filename=\"slide-home-01-en.jpg\" data-slide-type=\"image\"><img loading=\"lazy\" decoding=\"async\" width=\"1582\" height=\"593\" src=\"https:\/\/europet.com.ar\/web\/wp-content\/uploads\/2023\/10\/slide-home-01-en.jpg\" class=\"slider-611 slide-613 msDefaultImage\" alt=\"\" rel=\"\" title=\"slide-home-01-en\" srcset=\"https:\/\/europet.com.ar\/web\/wp-content\/uploads\/2023\/10\/slide-home-01-en.jpg 1582w, https:\/\/europet.com.ar\/web\/wp-content\/uploads\/2023\/10\/slide-home-01-en-1280x480.jpg 1280w, https:\/\/europet.com.ar\/web\/wp-content\/uploads\/2023\/10\/slide-home-01-en-980x367.jpg 980w, https:\/\/europet.com.ar\/web\/wp-content\/uploads\/2023\/10\/slide-home-01-en-480x180.jpg 480w\" sizes=\"(min-width: 0px) and (max-width: 480px) 480px, (min-width: 481px) and (max-width: 980px) 980px, (min-width: 981px) and (max-width: 1280px) 1280px, (min-width: 1281px) 1582px, 100vw\" \/><\/li>\n            <\/ul>\n        <\/div>\n        \n    <\/div>\n<\/div>[\/et_pb_fullwidth_code][\/et_pb_section][et_pb_section fb_built=\u00bb1&#8243; _builder_version=\u00bb4.22.2&#8243; _module_preset=\u00bbdefault\u00bb background_color=\u00bb#e2e4e7&#8243; custom_padding=\u00bb48px|||||\u00bb global_colors_info=\u00bb{}\u00bb][et_pb_row column_structure=\u00bb1_2,1_2&#8243; _builder_version=\u00bb4.22.2&#8243; _module_preset=\u00bbdefault\u00bb max_width=\u00bb1160px\u00bb global_colors_info=\u00bb{}\u00bb][et_pb_column type=\u00bb1_2&#8243; _builder_version=\u00bb4.22.2&#8243; _dynamic_attributes=\u00bblink_option_url\u00bb _module_preset=\u00bbdefault\u00bb link_option_url=\u00bb@ET-DC@eyJkeW5hbWljIjp0cnVlLCJjb250ZW50IjoicG9zdF9saW5rX3VybF9wYWdlIiwic2V0dGluZ3MiOnsicG9zdF9pZCI6IjYxOSJ9fQ==@\u00bb border_radii=\u00bbon|16px|16px|16px|16px\u00bb box_shadow_style=\u00bbpreset3&#8243; global_colors_info=\u00bb{}\u00bb][et_pb_blurb image=\u00bbhttps:\/\/europet.com.ar\/web\/wp-content\/uploads\/2023\/10\/sabemos-de-perros_.png\u00bb alt=\u00bbSabemos de perros\u00bb _builder_version=\u00bb4.22.2&#8243; _module_preset=\u00bbdefault\u00bb header_level=\u00bbh5&#8243; body_font=\u00bb|300|||||||\u00bb body_text_color=\u00bb#000000&#8243; body_font_size=\u00bb16px\u00bb body_line_height=\u00bb1.4em\u00bb background_color=\u00bb#FFFFFF\u00bb custom_margin=\u00bb||0px||false|false\u00bb custom_padding=\u00bb8px|36px|0px|36px|false|true\u00bb global_colors_info=\u00bb{}\u00bb][\/et_pb_blurb][et_pb_text _builder_version=\u00bb4.22.2&#8243; _module_preset=\u00bbdefault\u00bb header_2_text_color=\u00bb#E02B20&#8243; background_color=\u00bb#FFFFFF\u00bb text_orientation=\u00bbcenter\u00bb custom_margin=\u00bb0px||||false|false\u00bb custom_padding=\u00bb46px|15px|46px|15px|true|true\u00bb global_colors_info=\u00bb{}\u00bb]<\/p>\n<h2><strong>WE KNOW ABOUT DOGS<\/strong><\/h2>\n<p><strong>Below you will find some hints on how to take care of your dog.<\/strong><\/p>\n<p>[\/et_pb_text][\/et_pb_column][et_pb_column type=\u00bb1_2&#8243; _builder_version=\u00bb4.22.2&#8243; _dynamic_attributes=\u00bblink_option_url\u00bb _module_preset=\u00bbdefault\u00bb link_option_url=\u00bb@ET-DC@eyJkeW5hbWljIjp0cnVlLCJjb250ZW50IjoicG9zdF9saW5rX3VybF9wYWdlIiwic2V0dGluZ3MiOnsicG9zdF9pZCI6IjYzMCJ9fQ==@\u00bb border_radii=\u00bbon|16px|16px|16px|16px\u00bb box_shadow_style=\u00bbpreset3&#8243; global_colors_info=\u00bb{}\u00bb][et_pb_blurb image=\u00bbhttps:\/\/europet.com.ar\/web\/wp-content\/uploads\/2023\/10\/europet-alimentos-para-gatos-259&#215;300-1.png\u00bb alt=\u00bbSabemos de gatos\u00bb _builder_version=\u00bb4.22.2&#8243; _module_preset=\u00bbdefault\u00bb header_level=\u00bbh5&#8243; body_font=\u00bb|300|||||||\u00bb body_text_color=\u00bb#000000&#8243; body_font_size=\u00bb16px\u00bb body_line_height=\u00bb1.4em\u00bb background_color=\u00bb#FFFFFF\u00bb custom_margin=\u00bb||0px||false|false\u00bb custom_padding=\u00bb8px|36px|0px|36px|false|true\u00bb global_colors_info=\u00bb{}\u00bb][\/et_pb_blurb][et_pb_text _builder_version=\u00bb4.22.2&#8243; _module_preset=\u00bbdefault\u00bb header_2_text_color=\u00bb#E02B20&#8243; background_color=\u00bb#FFFFFF\u00bb text_orientation=\u00bbcenter\u00bb custom_margin=\u00bb0px||||false|false\u00bb custom_padding=\u00bb46px|15px|46px|15px|true|true\u00bb global_colors_info=\u00bb{}\u00bb]<\/p>\n<h2><strong>WE KNOW ABOUT CATS<\/strong><\/h2>\n<p><strong>Below you will find some hints on how to take care of your cat.<\/strong><\/p>\n<p>[\/et_pb_text][\/et_pb_column][\/et_pb_row][\/et_pb_section][et_pb_section fb_built=\u00bb1&#8243; _builder_version=\u00bb4.22.2&#8243; _module_preset=\u00bbdefault\u00bb background_color=\u00bb#475461&#8243; top_divider_style=\u00bbtriangle\u00bb top_divider_color=\u00bb#e2e4e7&#8243; top_divider_height=\u00bb27px\u00bb top_divider_flip=\u00bbvertical\u00bb global_colors_info=\u00bb{}\u00bb][et_pb_row column_structure=\u00bb1_2,1_2&#8243; _builder_version=\u00bb4.22.2&#8243; _module_preset=\u00bbdefault\u00bb max_width=\u00bb1160px\u00bb border_width_top=\u00bb1px\u00bb border_color_top=\u00bb#FFFFFF\u00bb border_width_bottom=\u00bb1px\u00bb border_color_bottom=\u00bb#FFFFFF\u00bb global_colors_info=\u00bb{}\u00bb][et_pb_column type=\u00bb1_2&#8243; _builder_version=\u00bb4.22.2&#8243; _module_preset=\u00bbdefault\u00bb global_colors_info=\u00bb{}\u00bb][et_pb_text _builder_version=\u00bb4.27.2&#8243; _module_preset=\u00bbdefault\u00bb text_text_color=\u00bb#FFFFFF\u00bb text_font_size=\u00bb13px\u00bb text_line_height=\u00bb1.6em\u00bb header_2_font=\u00bb|700|||||||\u00bb header_2_text_color=\u00bb#FFFFFF\u00bb hover_enabled=\u00bb0&#8243; global_colors_info=\u00bb{}\u00bb sticky_enabled=\u00bb0&#8243;]<\/p>\n<h2>CUSTOMER SUPPORT<\/h2>\n<p><strong>PHONES<\/strong><br \/><span>+54 9 11 7203-0473<\/span><br \/><a href=\"https:\/\/w.app\/42st1n\" target=\"_blank\" rel=\"noopener\"><br \/><img decoding=\"async\" style=\"margin-top: -15px; margin-bottom: -15px;\" src=\"https:\/\/europet.com.ar\/web\/wp-content\/uploads\/2024\/10\/3-whats-icon.png\" alt=\"Whatsapp\" width=\"45px\" \/><\/a><\/p>\n<p><strong>E-MAIL<\/strong><br \/>info@europet.com.ar<\/p>\n<p><strong>ADRESS<\/strong><br \/>AV. VIEYTES 1828 \/ 42<br \/>(C1275AGV) CABA,<br \/>ARGENTINA.<\/p>\n<div class=\"vc_col-sm-6 wpb_column column_container col no-padding color-dark\" data-animation=\"\" data-delay=\"\">\n<div class=\"wpb_wrapper\">\n<div class=\"headline font-inherit fontsize-inherit fontweight-600 lh-12 align-left transform-inherit \">\n<p><strong>OPEN<\/strong><br \/>MONDAY THROUGH FRIDAY FROM 9 TO 17 HOURS.<\/p>\n<\/div>\n<\/div>\n<\/div>\n<div class=\"vc_col-sm-4 wpb_column column_container col no-padding color-dark\" data-animation=\"\" data-delay=\"\">\n<div class=\"wpb_wrapper\"><\/div>\n<\/div>\n<p>[\/et_pb_text][\/et_pb_column][et_pb_column type=\u00bb1_2&#8243; _builder_version=\u00bb4.22.2&#8243; _module_preset=\u00bbdefault\u00bb global_colors_info=\u00bb{}\u00bb][et_pb_contact_form email=\u00bbinfo@europet.com.ar\u00bb custom_message=\u00bbNombre: %%nombre%%||et_pb_line_break_holder||Email: %%email%%||et_pb_line_break_holder||Tel\u00e9fono: %%telefono%%||et_pb_line_break_holder||Provincia: %%provincia%%||et_pb_line_break_holder||Ciudad: %%ciudad%%||et_pb_line_break_holder||&#8212;&#8212;&#8212;||et_pb_line_break_holder||Mensaje:||et_pb_line_break_holder||%%mensaje%%\u00bb _builder_version=\u00bb4.23&#8243; _module_preset=\u00bbdefault\u00bb _unique_id=\u00bbb4f4ceb8-9a59-4ef0-9de4-e820b86d7a7f\u00bb captcha_font=\u00bb|700|||||||\u00bb captcha_text_color=\u00bb#FFFFFF\u00bb custom_button=\u00bbon\u00bb button_text_size=\u00bb16px\u00bb button_text_color=\u00bb#FFFFFF\u00bb button_bg_color=\u00bb#999999&#8243; button_border_width=\u00bb0px\u00bb button_font=\u00bb|600||on|||||\u00bb button_use_icon=\u00bboff\u00bb button_custom_margin=\u00bb6px||||false|false\u00bb button_custom_padding=\u00bb8px|24px|8px|24px|true|true\u00bb global_colors_info=\u00bb{}\u00bb][et_pb_contact_field field_id=\u00bbnombre\u00bb field_title=\u00bbName\u00bb fullwidth_field=\u00bbon\u00bb _builder_version=\u00bb4.22.2&#8243; global_colors_info=\u00bb{}\u00bb button_text_size__hover_enabled=\u00bboff\u00bb button_one_text_size__hover_enabled=\u00bboff\u00bb button_two_text_size__hover_enabled=\u00bboff\u00bb button_text_color__hover_enabled=\u00bboff\u00bb button_one_text_color__hover_enabled=\u00bboff\u00bb button_two_text_color__hover_enabled=\u00bboff\u00bb button_border_width__hover_enabled=\u00bboff\u00bb button_one_border_width__hover_enabled=\u00bboff\u00bb button_two_border_width__hover_enabled=\u00bboff\u00bb button_border_color__hover_enabled=\u00bboff\u00bb button_one_border_color__hover_enabled=\u00bboff\u00bb button_two_border_color__hover_enabled=\u00bboff\u00bb button_border_radius__hover_enabled=\u00bboff\u00bb button_one_border_radius__hover_enabled=\u00bboff\u00bb button_two_border_radius__hover_enabled=\u00bboff\u00bb button_letter_spacing__hover_enabled=\u00bboff\u00bb button_one_letter_spacing__hover_enabled=\u00bboff\u00bb button_two_letter_spacing__hover_enabled=\u00bboff\u00bb button_bg_color__hover_enabled=\u00bboff\u00bb button_one_bg_color__hover_enabled=\u00bboff\u00bb button_two_bg_color__hover_enabled=\u00bboff\u00bb][\/et_pb_contact_field][et_pb_contact_field field_id=\u00bbemail\u00bb field_title=\u00bbEmail\u00bb fullwidth_field=\u00bbon\u00bb _builder_version=\u00bb4.22.2&#8243; global_colors_info=\u00bb{}\u00bb button_text_size__hover_enabled=\u00bboff\u00bb button_one_text_size__hover_enabled=\u00bboff\u00bb button_two_text_size__hover_enabled=\u00bboff\u00bb button_text_color__hover_enabled=\u00bboff\u00bb button_one_text_color__hover_enabled=\u00bboff\u00bb button_two_text_color__hover_enabled=\u00bboff\u00bb button_border_width__hover_enabled=\u00bboff\u00bb button_one_border_width__hover_enabled=\u00bboff\u00bb button_two_border_width__hover_enabled=\u00bboff\u00bb button_border_color__hover_enabled=\u00bboff\u00bb button_one_border_color__hover_enabled=\u00bboff\u00bb button_two_border_color__hover_enabled=\u00bboff\u00bb button_border_radius__hover_enabled=\u00bboff\u00bb button_one_border_radius__hover_enabled=\u00bboff\u00bb button_two_border_radius__hover_enabled=\u00bboff\u00bb button_letter_spacing__hover_enabled=\u00bboff\u00bb button_one_letter_spacing__hover_enabled=\u00bboff\u00bb button_two_letter_spacing__hover_enabled=\u00bboff\u00bb button_bg_color__hover_enabled=\u00bboff\u00bb button_one_bg_color__hover_enabled=\u00bboff\u00bb button_two_bg_color__hover_enabled=\u00bboff\u00bb][\/et_pb_contact_field][et_pb_contact_field field_id=\u00bbtelefono\u00bb field_title=\u00bbPhone\u00bb fullwidth_field=\u00bbon\u00bb _builder_version=\u00bb4.22.2&#8243; global_colors_info=\u00bb{}\u00bb button_text_size__hover_enabled=\u00bboff\u00bb button_one_text_size__hover_enabled=\u00bboff\u00bb button_two_text_size__hover_enabled=\u00bboff\u00bb button_text_color__hover_enabled=\u00bboff\u00bb button_one_text_color__hover_enabled=\u00bboff\u00bb button_two_text_color__hover_enabled=\u00bboff\u00bb button_border_width__hover_enabled=\u00bboff\u00bb button_one_border_width__hover_enabled=\u00bboff\u00bb button_two_border_width__hover_enabled=\u00bboff\u00bb button_border_color__hover_enabled=\u00bboff\u00bb button_one_border_color__hover_enabled=\u00bboff\u00bb button_two_border_color__hover_enabled=\u00bboff\u00bb button_border_radius__hover_enabled=\u00bboff\u00bb button_one_border_radius__hover_enabled=\u00bboff\u00bb button_two_border_radius__hover_enabled=\u00bboff\u00bb button_letter_spacing__hover_enabled=\u00bboff\u00bb button_one_letter_spacing__hover_enabled=\u00bboff\u00bb button_two_letter_spacing__hover_enabled=\u00bboff\u00bb button_bg_color__hover_enabled=\u00bboff\u00bb button_one_bg_color__hover_enabled=\u00bboff\u00bb button_two_bg_color__hover_enabled=\u00bboff\u00bb][\/et_pb_contact_field][et_pb_contact_field field_id=\u00bbmensaje\u00bb field_title=\u00bbMessage\u00bb field_type=\u00bbtext\u00bb fullwidth_field=\u00bbon\u00bb _builder_version=\u00bb4.22.2&#8243; global_colors_info=\u00bb{}\u00bb button_text_size__hover_enabled=\u00bboff\u00bb button_one_text_size__hover_enabled=\u00bboff\u00bb button_two_text_size__hover_enabled=\u00bboff\u00bb button_text_color__hover_enabled=\u00bboff\u00bb button_one_text_color__hover_enabled=\u00bboff\u00bb button_two_text_color__hover_enabled=\u00bboff\u00bb button_border_width__hover_enabled=\u00bboff\u00bb button_one_border_width__hover_enabled=\u00bboff\u00bb button_two_border_width__hover_enabled=\u00bboff\u00bb button_border_color__hover_enabled=\u00bboff\u00bb button_one_border_color__hover_enabled=\u00bboff\u00bb button_two_border_color__hover_enabled=\u00bboff\u00bb button_border_radius__hover_enabled=\u00bboff\u00bb button_one_border_radius__hover_enabled=\u00bboff\u00bb button_two_border_radius__hover_enabled=\u00bboff\u00bb button_letter_spacing__hover_enabled=\u00bboff\u00bb button_one_letter_spacing__hover_enabled=\u00bboff\u00bb button_two_letter_spacing__hover_enabled=\u00bboff\u00bb button_bg_color__hover_enabled=\u00bboff\u00bb button_one_bg_color__hover_enabled=\u00bboff\u00bb button_two_bg_color__hover_enabled=\u00bboff\u00bb][\/et_pb_contact_field][\/et_pb_contact_form][\/et_pb_column][\/et_pb_row][\/et_pb_section][et_pb_section fb_built=\u00bb1&#8243; _builder_version=\u00bb4.22.2&#8243; _module_preset=\u00bbdefault\u00bb custom_margin=\u00bb0px|0px|0px|0px|false|false\u00bb custom_padding=\u00bb0px||0px|0px|false|false\u00bb global_colors_info=\u00bb{}\u00bb][et_pb_row _builder_version=\u00bb4.22.2&#8243; _module_preset=\u00bbdefault\u00bb width=\u00bb100%\u00bb max_width=\u00bb2560px\u00bb custom_padding=\u00bb0px|0px|0px|0px|false|false\u00bb global_colors_info=\u00bb{}\u00bb][et_pb_column type=\u00bb4_4&#8243; _builder_version=\u00bb4.22.2&#8243; _module_preset=\u00bbdefault\u00bb global_colors_info=\u00bb{}\u00bb][et_pb_code _builder_version=\u00bb4.22.2&#8243; _module_preset=\u00bbdefault\u00bb global_colors_info=\u00bb{}\u00bb]<iframe src=\"https:\/\/www.google.com\/maps\/embed?pb=!1m14!1m8!1m3!1d820.4996419630315!2d-58.3751356!3d-34.6547391!3m2!1i1024!2i768!4f13.1!3m3!1m2!1s0x95bccb559b54fa97%3A0x5ed7229587e6be3a!2sEurotec%20Nutrition%20Argentina!5e0!3m2!1ses!2sar!4v1696450242334!5m2!1ses!2sar\" width=\"100%\" height=\"450\" style=\"border:0;\" allowfullscreen=\"\" loading=\"lazy\" referrerpolicy=\"no-referrer-when-downgrade\"><\/iframe>[\/et_pb_code][\/et_pb_column][\/et_pb_row][\/et_pb_section][et_pb_section fb_built=\u00bb1&#8243; _builder_version=\u00bb4.22.2&#8243; _module_preset=\u00bbdefault\u00bb background_color=\u00bb#475461&#8243; global_colors_info=\u00bb{}\u00bb global_module=\u00bb734&#8243; theme_builder_area=\u00bbpost_content\u00bb][et_pb_row column_structure=\u00bb1_4,1_4,1_4,1_4&#8243; _builder_version=\u00bb4.22.2&#8243; _module_preset=\u00bbdefault\u00bb max_width=\u00bb1160px\u00bb global_colors_info=\u00bb{}\u00bb theme_builder_area=\u00bbpost_content\u00bb][et_pb_column type=\u00bb1_4&#8243; _builder_version=\u00bb4.22.2&#8243; _module_preset=\u00bbdefault\u00bb global_colors_info=\u00bb{}\u00bb theme_builder_area=\u00bbpost_content\u00bb][et_pb_text _builder_version=\u00bb4.22.2&#8243; _module_preset=\u00bbdefault\u00bb text_line_height=\u00bb2em\u00bb global_colors_info=\u00bb{}\u00bb theme_builder_area=\u00bbpost_content\u00bb]<strong><a href=\"https:\/\/europet.com.ar\/web\/europet-en\/\">HOME<\/a><\/strong><br \/>\n<strong><a href=\"https:\/\/europet.com.ar\/web\/europet-dogs\">\u00a0 &#8211; Europet Dogs<\/a><\/strong><br \/>\n<strong><a href=\"https:\/\/europet.com.ar\/web\/europet-dogs-milk-substitute\/\">\u00a0 &#8211; Dogs milk substitute<\/a><\/strong><br \/>\n<strong><a href=\"https:\/\/europet.com.ar\/web\/europet-cats\/\">\u00a0 &#8211; Europet Cats<\/a><\/strong><br \/>\n<strong><a href=\"https:\/\/europet.com.ar\/web\/europet-cats-milk-substitute\/\">\u00a0&#8211;\u00a0 Cats milk substitute<\/a><\/strong><br \/>\n<strong><a href=\"https:\/\/europet.com.ar\/web\/europet-distributors\/\">DISTRIBUTORS<\/a><\/strong><br \/>\n<strong><a href=\"https:\/\/europet.com.ar\/web\/europet-useful-hints\/\">USEFUL HINTS<\/a><\/strong><br \/>\n<strong><a href=\"https:\/\/europet.com.ar\/web\/europet-contact-us\/\">CONTACT US<\/a><\/strong>[\/et_pb_text][\/et_pb_column][et_pb_column type=\u00bb1_4&#8243; _builder_version=\u00bb4.22.2&#8243; _module_preset=\u00bbdefault\u00bb global_colors_info=\u00bb{}\u00bb theme_builder_area=\u00bbpost_content\u00bb][et_pb_text _builder_version=\u00bb4.22.2&#8243; _module_preset=\u00bbdefault\u00bb text_text_color=\u00bb#FFFFFF\u00bb global_colors_info=\u00bb{}\u00bb theme_builder_area=\u00bbpost_content\u00bb]<\/p>\n<p><strong><br \/>ADDRESS<\/strong><br \/>AV. VIEYTES 1828 \/ 42 \u2013 (C1275AGV) CIUDAD AUT\u00d3NOMA DE BUENOS AIRES,<br \/>ARGENTINA<\/p>\n<p><strong>OPENING HOURS<\/strong><br \/>MONDAY TO FRIDAY 9 &#8211; 17 HS.<\/p>\n<p>[\/et_pb_text][\/et_pb_column][et_pb_column type=\u00bb1_4&#8243; _builder_version=\u00bb4.22.2&#8243; _module_preset=\u00bbdefault\u00bb global_colors_info=\u00bb{}\u00bb theme_builder_area=\u00bbpost_content\u00bb][et_pb_text _builder_version=\u00bb4.27.2&#8243; _module_preset=\u00bbdefault\u00bb text_text_color=\u00bb#FFFFFF\u00bb hover_enabled=\u00bb0&#8243; global_colors_info=\u00bb{}\u00bb theme_builder_area=\u00bbpost_content\u00bb sticky_enabled=\u00bb0&#8243;]<\/p>\n<p><strong><br \/>PHONES<\/strong><br \/><span>+54 9 11 7203-0473<\/span><br \/><a href=\"https:\/\/w.app\/42st1n\" target=\"_blank\" rel=\"noopener\"><br \/><img decoding=\"async\" style=\"margin-top: -15px; margin-bottom: -15px;\" src=\"https:\/\/europet.com.ar\/web\/wp-content\/uploads\/2024\/10\/3-whats-icon.png\" alt=\"Whatsapp\" width=\"45px\" \/><\/a><\/p>\n<p><strong>EMAIL<\/strong><br \/>info@europet.com.ar<\/p>\n<p>[\/et_pb_text][\/et_pb_column][et_pb_column type=\u00bb1_4&#8243; _builder_version=\u00bb4.22.2&#8243; _module_preset=\u00bbdefault\u00bb global_colors_info=\u00bb{}\u00bb theme_builder_area=\u00bbpost_content\u00bb][\/et_pb_column][\/et_pb_row][\/et_pb_section]<\/p>\n","protected":false},"excerpt":{"rendered":"<p><div id=\"metaslider-id-611\" style=\"width: 100%; margin: 0 auto;\" class=\"ml-slider-3-107-0 metaslider metaslider-flex metaslider-611 ml-slider ms-theme-default nav-hidden nav-hidden\" role=\"region\" aria-label=\"useful hints\" data-width=\"1582\">\n    <div id=\"metaslider_container_611\">\n        <div id=\"metaslider_611\">\n            <ul class='slides'>\n                <li style=\"display: block; width: 100%;\" class=\"slide-612 ms-image \" aria-roledescription=\"slide\" data-date=\"2023-10-20 09:57:41\" data-filename=\"slide-home-04-en.jpg\" data-slide-type=\"image\"><img width=\"1582\" height=\"593\" src=\"https:\/\/europet.com.ar\/web\/wp-content\/uploads\/2023\/10\/slide-home-04-en.jpg\" class=\"slider-611 slide-612 msDefaultImage\" alt=\"\" rel=\"\" title=\"slide-home-04-en\" decoding=\"async\" loading=\"lazy\" srcset=\"https:\/\/europet.com.ar\/web\/wp-content\/uploads\/2023\/10\/slide-home-04-en.jpg 1582w, https:\/\/europet.com.ar\/web\/wp-content\/uploads\/2023\/10\/slide-home-04-en-1280x480.jpg 1280w, https:\/\/europet.com.ar\/web\/wp-content\/uploads\/2023\/10\/slide-home-04-en-980x367.jpg 980w, https:\/\/europet.com.ar\/web\/wp-content\/uploads\/2023\/10\/slide-home-04-en-480x180.jpg 480w\" sizes=\"(min-width: 0px) and (max-width: 480px) 480px, (min-width: 481px) and (max-width: 980px) 980px, (min-width: 981px) and (max-width: 1280px) 1280px, (min-width: 1281px) 1582px, 100vw\" \/><\/li>\n                <li style=\"display: none; width: 100%;\" class=\"slide-613 ms-image \" aria-roledescription=\"slide\" data-date=\"2023-10-20 09:57:41\" data-filename=\"slide-home-01-en.jpg\" data-slide-type=\"image\"><img width=\"1582\" height=\"593\" src=\"https:\/\/europet.com.ar\/web\/wp-content\/uploads\/2023\/10\/slide-home-01-en.jpg\" class=\"slider-611 slide-613 msDefaultImage\" alt=\"\" rel=\"\" title=\"slide-home-01-en\" decoding=\"async\" loading=\"lazy\" srcset=\"https:\/\/europet.com.ar\/web\/wp-content\/uploads\/2023\/10\/slide-home-01-en.jpg 1582w, https:\/\/europet.com.ar\/web\/wp-content\/uploads\/2023\/10\/slide-home-01-en-1280x480.jpg 1280w, https:\/\/europet.com.ar\/web\/wp-content\/uploads\/2023\/10\/slide-home-01-en-980x367.jpg 980w, https:\/\/europet.com.ar\/web\/wp-content\/uploads\/2023\/10\/slide-home-01-en-480x180.jpg 480w\" sizes=\"(min-width: 0px) and (max-width: 480px) 480px, (min-width: 481px) and (max-width: 980px) 980px, (min-width: 981px) and (max-width: 1280px) 1280px, (min-width: 1281px) 1582px, 100vw\" \/><\/li>\n            <\/ul>\n        <\/div>\n        \n    <\/div>\n<\/div>WE KNOW ABOUT DOGS Below you will find some hints on how to take care of your dog.WE KNOW ABOUT CATS Below you will find some hints on how to take care of your cat.CUSTOMER SUPPORT PHONES+54 9 11 7203-0473 E-MAILinfo@europet.com.ar ADRESSAV. VIEYTES 1828 \/ 42(C1275AGV) CABA,ARGENTINA. OPENMONDAY THROUGH FRIDAY FROM 9 TO 17 [&hellip;]<\/p>\n","protected":false},"author":2,"featured_media":0,"parent":0,"menu_order":0,"comment_status":"open","ping_status":"closed","template":"","meta":{"_et_pb_use_builder":"on","_et_pb_old_content":"Esto es una p\u00e1gina de ejemplo. Es diferente a una entrada porque permanece fija en un lugar y se mostrar\u00e1 en la navegaci\u00f3n de tu sitio (en la mayor\u00eda de los temas). La mayor\u00eda de la gente empieza con una p\u00e1gina de Acerca de, que les presenta a los potenciales visitantes del sitio. Podr\u00eda ser algo como esto:\n\n<blockquote>\u00a1Hola! Soy mensajero por el d\u00eda, aspirante a actor por la noche, y este es mi blog. Vivo en Madrid, tengo un perrazo llamado Duque y me gustan las pi\u00f1as coladas (y que me pille un chaparr\u00f3n)<\/blockquote>\n\n...o algo as\u00ed:\n\n<blockquote>La empresa XYZ se fund\u00f3 en 1971 y ha estado ofreciendo \"cosas\" de calidad al p\u00fablico desde entonces. Situada en Madrid, XYZ emplea a m\u00e1s de 2.000 personas y hace todo tipo de cosas sorprendentes para la comunidad de Madrid.<\/blockquote>\n\nSi eres nuevo en WordPress deber\u00edas ir a <a href=\"https:\/\/europet.com.ar\/web\/wp-admin\/\">tu escritorio<\/a> para borrar esta p\u00e1ginay crear p\u00e1ginas nuevas con tu propio contenido. \u00a1P\u00e1salo bien!","_et_gb_content_width":"","footnotes":""},"class_list":["post-608","page","type-page","status-publish","hentry"],"_links":{"self":[{"href":"https:\/\/europet.com.ar\/web\/wp-json\/wp\/v2\/pages\/608","targetHints":{"allow":["GET"]}}],"collection":[{"href":"https:\/\/europet.com.ar\/web\/wp-json\/wp\/v2\/pages"}],"about":[{"href":"https:\/\/europet.com.ar\/web\/wp-json\/wp\/v2\/types\/page"}],"author":[{"embeddable":true,"href":"https:\/\/europet.com.ar\/web\/wp-json\/wp\/v2\/users\/2"}],"replies":[{"embeddable":true,"href":"https:\/\/europet.com.ar\/web\/wp-json\/wp\/v2\/comments?post=608"}],"version-history":[{"count":9,"href":"https:\/\/europet.com.ar\/web\/wp-json\/wp\/v2\/pages\/608\/revisions"}],"predecessor-version":[{"id":740,"href":"https:\/\/europet.com.ar\/web\/wp-json\/wp\/v2\/pages\/608\/revisions\/740"}],"wp:attachment":[{"href":"https:\/\/europet.com.ar\/web\/wp-json\/wp\/v2\/media?parent=608"}],"curies":[{"name":"wp","href":"https:\/\/api.w.org\/{rel}","templated":true}]}}