{"id":604,"date":"2023-10-20T09:49:07","date_gmt":"2023-10-20T12:49:07","guid":{"rendered":"https:\/\/europet.com.ar\/web\/?page_id=604"},"modified":"2024-10-17T13:17:46","modified_gmt":"2024-10-17T16:17:46","slug":"europet-cats-milk-substitute","status":"publish","type":"page","link":"https:\/\/europet.com.ar\/web\/europet-cats-milk-substitute\/","title":{"rendered":"Europet\u00a9 &#8211; Cats Milk Substitute"},"content":{"rendered":"<p>[et_pb_section fb_built=\u00bb1&#8243; _builder_version=\u00bb4.22.2&#8243; _module_preset=\u00bbdefault\u00bb custom_margin=\u00bb0px|0px|0px|0px|false|false\u00bb custom_padding=\u00bb0px|0px|0px|0px|false|false\u00bb global_colors_info=\u00bb{}\u00bb][et_pb_row _builder_version=\u00bb4.22.2&#8243; _module_preset=\u00bbdefault\u00bb width=\u00bb100%\u00bb max_width=\u00bb2560px\u00bb module_alignment=\u00bbcenter\u00bb custom_padding=\u00bb0px|0px|0px|0px|false|false\u00bb global_colors_info=\u00bb{}\u00bb][et_pb_column type=\u00bb4_4&#8243; _builder_version=\u00bb4.22.2&#8243; _module_preset=\u00bbdefault\u00bb global_colors_info=\u00bb{}\u00bb][et_pb_slider show_arrows=\u00bboff\u00bb disabled_on=\u00bboff|off|on\u00bb _builder_version=\u00bb4.22.2&#8243; _module_preset=\u00bbdefault\u00bb custom_margin=\u00bb||-5px|||\u00bb custom_padding=\u00bb||107px|||\u00bb animation_style=\u00bbfade\u00bb animation_starting_opacity=\u00bb100%\u00bb auto=\u00bbon\u00bb global_colors_info=\u00bb{}\u00bb][et_pb_slide _builder_version=\u00bb4.22.2&#8243; _module_preset=\u00bbdefault\u00bb background_color=\u00bbRGBA(255,255,255,0)\u00bb background_enable_color=\u00bbon\u00bb background_image=\u00bbhttps:\/\/europet.com.ar\/web\/wp-content\/uploads\/2023\/10\/slide-home-02b.jpg\u00bb background_enable_image=\u00bbon\u00bb global_colors_info=\u00bb{}\u00bb sticky_transition=\u00bbon\u00bb][\/et_pb_slide][\/et_pb_slider][\/et_pb_column][\/et_pb_row][\/et_pb_section][et_pb_section fb_built=\u00bb1&#8243; fullwidth=\u00bbon\u00bb _builder_version=\u00bb4.22.2&#8243; _module_preset=\u00bbdefault\u00bb global_colors_info=\u00bb{}\u00bb][et_pb_fullwidth_image src=\u00bbhttps:\/\/europet.com.ar\/web\/wp-content\/uploads\/2023\/10\/slide-home-02.jpg\u00bb title_text=\u00bbEuropet\u00bb disabled_on=\u00bbon|on|off\u00bb _builder_version=\u00bb4.22.2&#8243; _module_preset=\u00bbdefault\u00bb global_colors_info=\u00bb{}\u00bb][\/et_pb_fullwidth_image][\/et_pb_section][et_pb_section fb_built=\u00bb1&#8243; _builder_version=\u00bb4.22.2&#8243; _module_preset=\u00bbdefault\u00bb background_color=\u00bb#e2e4e7&#8243; custom_padding=\u00bb48px|||||\u00bb global_colors_info=\u00bb{}\u00bb][et_pb_row column_structure=\u00bb1_2,1_2&#8243; _builder_version=\u00bb4.22.2&#8243; _module_preset=\u00bbdefault\u00bb max_width=\u00bb1160px\u00bb global_colors_info=\u00bb{}\u00bb][et_pb_column type=\u00bb1_2&#8243; _builder_version=\u00bb4.22.2&#8243; _module_preset=\u00bbdefault\u00bb global_colors_info=\u00bb{}\u00bb][et_pb_text _builder_version=\u00bb4.22.2&#8243; _module_preset=\u00bbdefault\u00bb global_colors_info=\u00bb{}\u00bb]<\/p>\n<h2 class=\"headline font-inherit fontsize-l fontweight-inherit lh-inherit align-left transform-inherit \">EUROPET Cats Milk Substitute\u00a0<\/h2>\n<div class=\"wpb_text_column wpb_content_element \">\n<div class=\"wpb_wrapper\">\n<p><strong>\u00a0<\/strong><\/p>\n<p><strong>Infant formula milk<\/strong><\/p>\n<p><strong>EuroPET Dairy Replacer<\/strong> for Cats is a breast milk substitute for kittens from birth to 4 weeks of age.<\/p>\n<p>They intervene in its composition; proteins, vitamins, minerals, essential amino acids, MOS, essential fatty acids (Omega 3 and Omega 6).<\/p>\n<p>EuroPET Dairy Substitute for Cats is ideal for kittens to grow strong and healthy as it contains in its formula the necessary nutrients for the first stage of nursing.<\/p>\n<p>&nbsp;<\/p>\n<\/div>\n<\/div>\n<div class=\"wpb_text_column wpb_content_element \">\n<div class=\"wpb_wrapper\">\n<h3>Which is its composition?<\/h3>\n<p><strong><\/strong><\/p>\n<p>EuroPET Dairy Substitute for Cats is composed of Lactose-Free Milk, Hydrolyzed Milk, Micronized Soy Meal, Brewer&#8217;s Yeast, Egg Powder, Butter, Fish Meal; Vitamins: A, D3, E, K3, B1, B2, B6, B12, C, Nicotinic Acid, Calcium Pantothenate, Folic Acid, Biotin and Choline; Amino acids: Taurine, Lysine, Methionine, Arginine, Threonine, Tryptophan and Valine; Minerals: Calcium, Phosphorus, Sodium, Potassium, Magnesium, Iron, Copper, Manganese, Zinc, Iodine and Selenium; Flavoring (Sodium Saccharin) and Flavorings (1,2 Propanediol; 4-Hydroxy-3-Methoxybenzaldehyde; Butanoic Acid; 2,3-Butanedione; Gamma-Amilbutyrolactone; Isoamyl-Ethanoate and Isopentylbutanoate); Mycotoxin Sequestrant (Hydrated Calcium-Sodium Aluminosilicates), Antioxidant (BHA and BHT) and Colorant (Punz\u00f3 Red). Contains Omega 3 and Omega 6 essential fatty acids.<\/p>\n<\/div>\n<\/div>\n<p>[\/et_pb_text][\/et_pb_column][et_pb_column type=\u00bb1_2&#8243; _builder_version=\u00bb4.22.2&#8243; _module_preset=\u00bbdefault\u00bb global_colors_info=\u00bb{}\u00bb][et_pb_image src=\u00bbhttps:\/\/europet.com.ar\/web\/wp-content\/uploads\/2023\/10\/sustituto-lacteo-gatos-prod.png\u00bb alt=\u00bbEuropet Perros\u00bb title_text=\u00bbsustituto-lacteo-gatos-prod\u00bb align=\u00bbcenter\u00bb _builder_version=\u00bb4.22.2&#8243; _module_preset=\u00bbdefault\u00bb global_colors_info=\u00bb{}\u00bb][\/et_pb_image][et_pb_button button_url=\u00bbhttps:\/\/www.tiendaeuropet.com\/productos\/sustituto-lacteo-para-gatos-250-grs\/\u00bb button_text=\u00bbBuy\u00bb button_alignment=\u00bbcenter\u00bb _builder_version=\u00bb4.22.2&#8243; _module_preset=\u00bbdefault\u00bb custom_button=\u00bbon\u00bb button_text_size=\u00bb14px\u00bb button_text_color=\u00bb#FFFFFF\u00bb button_bg_color=\u00bb#2d5360&#8243; button_border_width=\u00bb0px\u00bb button_border_radius=\u00bb6px\u00bb button_icon=\u00bb&#xe015;||divi||400&#8243; global_colors_info=\u00bb{}\u00bb][\/et_pb_button][\/et_pb_column][\/et_pb_row][\/et_pb_section][et_pb_section fb_built=\u00bb1&#8243; _builder_version=\u00bb4.22.2&#8243; _module_preset=\u00bbdefault\u00bb background_color=\u00bb#475461&#8243; global_colors_info=\u00bb{}\u00bb global_module=\u00bb734&#8243; theme_builder_area=\u00bbpost_content\u00bb][et_pb_row column_structure=\u00bb1_4,1_4,1_4,1_4&#8243; _builder_version=\u00bb4.22.2&#8243; _module_preset=\u00bbdefault\u00bb max_width=\u00bb1160px\u00bb global_colors_info=\u00bb{}\u00bb theme_builder_area=\u00bbpost_content\u00bb][et_pb_column type=\u00bb1_4&#8243; _builder_version=\u00bb4.22.2&#8243; _module_preset=\u00bbdefault\u00bb global_colors_info=\u00bb{}\u00bb theme_builder_area=\u00bbpost_content\u00bb][et_pb_text _builder_version=\u00bb4.22.2&#8243; _module_preset=\u00bbdefault\u00bb text_line_height=\u00bb2em\u00bb global_colors_info=\u00bb{}\u00bb theme_builder_area=\u00bbpost_content\u00bb]<strong><a href=\"https:\/\/europet.com.ar\/web\/europet-en\/\">HOME<\/a><\/strong><br \/>\n<strong><a href=\"https:\/\/europet.com.ar\/web\/europet-dogs\">\u00a0 &#8211; Europet Dogs<\/a><\/strong><br \/>\n<strong><a href=\"https:\/\/europet.com.ar\/web\/europet-dogs-milk-substitute\/\">\u00a0 &#8211; Dogs milk substitute<\/a><\/strong><br \/>\n<strong><a href=\"https:\/\/europet.com.ar\/web\/europet-cats\/\">\u00a0 &#8211; Europet Cats<\/a><\/strong><br \/>\n<strong><a href=\"https:\/\/europet.com.ar\/web\/europet-cats-milk-substitute\/\">\u00a0&#8211;\u00a0 Cats milk substitute<\/a><\/strong><br \/>\n<strong><a href=\"https:\/\/europet.com.ar\/web\/europet-distributors\/\">DISTRIBUTORS<\/a><\/strong><br \/>\n<strong><a href=\"https:\/\/europet.com.ar\/web\/europet-useful-hints\/\">USEFUL HINTS<\/a><\/strong><br \/>\n<strong><a href=\"https:\/\/europet.com.ar\/web\/europet-contact-us\/\">CONTACT US<\/a><\/strong>[\/et_pb_text][\/et_pb_column][et_pb_column type=\u00bb1_4&#8243; _builder_version=\u00bb4.22.2&#8243; _module_preset=\u00bbdefault\u00bb global_colors_info=\u00bb{}\u00bb theme_builder_area=\u00bbpost_content\u00bb][et_pb_text _builder_version=\u00bb4.22.2&#8243; _module_preset=\u00bbdefault\u00bb text_text_color=\u00bb#FFFFFF\u00bb global_colors_info=\u00bb{}\u00bb theme_builder_area=\u00bbpost_content\u00bb]<\/p>\n<p><strong><br \/>ADDRESS<\/strong><br \/>AV. VIEYTES 1828 \/ 42 \u2013 (C1275AGV) CIUDAD AUT\u00d3NOMA DE BUENOS AIRES,<br \/>ARGENTINA<\/p>\n<p><strong>OPENING HOURS<\/strong><br \/>MONDAY TO FRIDAY 9 &#8211; 17 HS.<\/p>\n<p>[\/et_pb_text][\/et_pb_column][et_pb_column type=\u00bb1_4&#8243; _builder_version=\u00bb4.22.2&#8243; _module_preset=\u00bbdefault\u00bb global_colors_info=\u00bb{}\u00bb theme_builder_area=\u00bbpost_content\u00bb][et_pb_text _builder_version=\u00bb4.27.2&#8243; _module_preset=\u00bbdefault\u00bb text_text_color=\u00bb#FFFFFF\u00bb global_colors_info=\u00bb{}\u00bb theme_builder_area=\u00bbpost_content\u00bb]<\/p>\n<p><strong><br \/>PHONES<\/strong><br \/><span>+54 9 11 7203-0473<\/span><br \/><a href=\"https:\/\/w.app\/42st1n\" target=\"_blank\" rel=\"noopener\"><br \/><img decoding=\"async\" style=\"margin-top: -15px; margin-bottom: -15px;\" src=\"https:\/\/europet.com.ar\/web\/wp-content\/uploads\/2024\/10\/3-whats-icon.png\" alt=\"Whatsapp\" width=\"45px\" \/><\/a><\/p>\n<p><strong>EMAIL<\/strong><br \/>info@europet.com.ar<\/p>\n<p>[\/et_pb_text][\/et_pb_column][et_pb_column type=\u00bb1_4&#8243; _builder_version=\u00bb4.22.2&#8243; _module_preset=\u00bbdefault\u00bb global_colors_info=\u00bb{}\u00bb theme_builder_area=\u00bbpost_content\u00bb][\/et_pb_column][\/et_pb_row][\/et_pb_section]<\/p>\n","protected":false},"excerpt":{"rendered":"<p>EUROPET Cats Milk Substitute\u00a0 \u00a0 Infant formula milk EuroPET Dairy Replacer for Cats is a breast milk substitute for kittens from birth to 4 weeks of age. They intervene in its composition; proteins, vitamins, minerals, essential amino acids, MOS, essential fatty acids (Omega 3 and Omega 6). EuroPET Dairy Substitute for Cats is ideal for [&hellip;]<\/p>\n","protected":false},"author":2,"featured_media":0,"parent":0,"menu_order":0,"comment_status":"open","ping_status":"closed","template":"","meta":{"_et_pb_use_builder":"on","_et_pb_old_content":"Esto es una p\u00e1gina de ejemplo. Es diferente a una entrada porque permanece fija en un lugar y se mostrar\u00e1 en la navegaci\u00f3n de tu sitio (en la mayor\u00eda de los temas). La mayor\u00eda de la gente empieza con una p\u00e1gina de Acerca de, que les presenta a los potenciales visitantes del sitio. Podr\u00eda ser algo como esto:\n\n<blockquote>\u00a1Hola! Soy mensajero por el d\u00eda, aspirante a actor por la noche, y este es mi blog. Vivo en Madrid, tengo un perrazo llamado Duque y me gustan las pi\u00f1as coladas (y que me pille un chaparr\u00f3n)<\/blockquote>\n\n...o algo as\u00ed:\n\n<blockquote>La empresa XYZ se fund\u00f3 en 1971 y ha estado ofreciendo \"cosas\" de calidad al p\u00fablico desde entonces. Situada en Madrid, XYZ emplea a m\u00e1s de 2.000 personas y hace todo tipo de cosas sorprendentes para la comunidad de Madrid.<\/blockquote>\n\nSi eres nuevo en WordPress deber\u00edas ir a <a href=\"https:\/\/europet.com.ar\/web\/wp-admin\/\">tu escritorio<\/a> para borrar esta p\u00e1ginay crear p\u00e1ginas nuevas con tu propio contenido. \u00a1P\u00e1salo bien!","_et_gb_content_width":"","footnotes":""},"class_list":["post-604","page","type-page","status-publish","hentry"],"_links":{"self":[{"href":"https:\/\/europet.com.ar\/web\/wp-json\/wp\/v2\/pages\/604","targetHints":{"allow":["GET"]}}],"collection":[{"href":"https:\/\/europet.com.ar\/web\/wp-json\/wp\/v2\/pages"}],"about":[{"href":"https:\/\/europet.com.ar\/web\/wp-json\/wp\/v2\/types\/page"}],"author":[{"embeddable":true,"href":"https:\/\/europet.com.ar\/web\/wp-json\/wp\/v2\/users\/2"}],"replies":[{"embeddable":true,"href":"https:\/\/europet.com.ar\/web\/wp-json\/wp\/v2\/comments?post=604"}],"version-history":[{"count":3,"href":"https:\/\/europet.com.ar\/web\/wp-json\/wp\/v2\/pages\/604\/revisions"}],"predecessor-version":[{"id":737,"href":"https:\/\/europet.com.ar\/web\/wp-json\/wp\/v2\/pages\/604\/revisions\/737"}],"wp:attachment":[{"href":"https:\/\/europet.com.ar\/web\/wp-json\/wp\/v2\/media?parent=604"}],"curies":[{"name":"wp","href":"https:\/\/api.w.org\/{rel}","templated":true}]}}