{"id":578,"date":"2023-10-20T09:09:14","date_gmt":"2023-10-20T12:09:14","guid":{"rendered":"https:\/\/europet.com.ar\/web\/?page_id=578"},"modified":"2024-10-17T13:17:12","modified_gmt":"2024-10-17T16:17:12","slug":"europet-dogs","status":"publish","type":"page","link":"https:\/\/europet.com.ar\/web\/europet-dogs\/","title":{"rendered":"Europet\u00ae &#8211; Dogs"},"content":{"rendered":"<p>[et_pb_section fb_built=\u00bb1&#8243; _builder_version=\u00bb4.22.2&#8243; _module_preset=\u00bbdefault\u00bb custom_margin=\u00bb0px|0px|0px|0px|false|false\u00bb custom_padding=\u00bb0px|0px|0px|0px|false|false\u00bb global_colors_info=\u00bb{}\u00bb][et_pb_row _builder_version=\u00bb4.22.2&#8243; _module_preset=\u00bbdefault\u00bb width=\u00bb100%\u00bb max_width=\u00bb2560px\u00bb module_alignment=\u00bbcenter\u00bb custom_padding=\u00bb0px|0px|0px|0px|false|false\u00bb global_colors_info=\u00bb{}\u00bb][et_pb_column type=\u00bb4_4&#8243; _builder_version=\u00bb4.22.2&#8243; _module_preset=\u00bbdefault\u00bb global_colors_info=\u00bb{}\u00bb][et_pb_slider show_arrows=\u00bboff\u00bb disabled_on=\u00bboff|off|on\u00bb _builder_version=\u00bb4.22.2&#8243; _module_preset=\u00bbdefault\u00bb custom_margin=\u00bb||-5px|||\u00bb custom_padding=\u00bb||107px|||\u00bb animation_style=\u00bbfade\u00bb animation_starting_opacity=\u00bb100%\u00bb auto=\u00bbon\u00bb global_colors_info=\u00bb{}\u00bb][et_pb_slide _builder_version=\u00bb4.22.2&#8243; _module_preset=\u00bbdefault\u00bb background_color=\u00bbRGBA(255,255,255,0)\u00bb background_enable_color=\u00bbon\u00bb background_image=\u00bbhttps:\/\/europet.com.ar\/web\/wp-content\/uploads\/2023\/10\/slide-home-01-en.jpg\u00bb background_enable_image=\u00bbon\u00bb global_colors_info=\u00bb{}\u00bb sticky_transition=\u00bbon\u00bb][\/et_pb_slide][\/et_pb_slider][\/et_pb_column][\/et_pb_row][\/et_pb_section][et_pb_section fb_built=\u00bb1&#8243; fullwidth=\u00bbon\u00bb disabled_on=\u00bbon|on|off\u00bb _builder_version=\u00bb4.22.2&#8243; _module_preset=\u00bbdefault\u00bb global_colors_info=\u00bb{}\u00bb][et_pb_fullwidth_image src=\u00bbhttps:\/\/europet.com.ar\/web\/wp-content\/uploads\/2023\/10\/slide-home-01-en.jpg\u00bb title_text=\u00bbslide-home-01-en\u00bb _builder_version=\u00bb4.22.2&#8243; _module_preset=\u00bbdefault\u00bb global_colors_info=\u00bb{}\u00bb][\/et_pb_fullwidth_image][\/et_pb_section][et_pb_section fb_built=\u00bb1&#8243; _builder_version=\u00bb4.22.2&#8243; _module_preset=\u00bbdefault\u00bb background_color=\u00bb#e2e4e7&#8243; custom_padding=\u00bb48px|||||\u00bb global_colors_info=\u00bb{}\u00bb][et_pb_row column_structure=\u00bb1_2,1_2&#8243; _builder_version=\u00bb4.22.2&#8243; _module_preset=\u00bbdefault\u00bb max_width=\u00bb1160px\u00bb global_colors_info=\u00bb{}\u00bb][et_pb_column type=\u00bb1_2&#8243; _builder_version=\u00bb4.22.2&#8243; _module_preset=\u00bbdefault\u00bb global_colors_info=\u00bb{}\u00bb][et_pb_text _builder_version=\u00bb4.22.2&#8243; _module_preset=\u00bbdefault\u00bb global_colors_info=\u00bb{}\u00bb]<\/p>\n<h2 class=\"headline font-inherit fontsize-l fontweight-inherit lh-inherit align-left transform-inherit \">EUROPET DOGS<\/h2>\n<p><strong>Dietary supplement<\/p>\n<p><\/strong><\/p>\n<div class=\"wpb_text_column wpb_content_element \">\n<div class=\"wpb_wrapper\">\n<p><strong>EuroPET<\/strong>\u00ae is a highly accepted supplement food dogs can eat regardless of their physiological state.<\/p>\n<p>It contains proteins, vitamins, minerals, amino acids, MOS (Mannan Oligosaccharides), and high levels of Omega-3 and Omega-6 fatty acids.<\/p>\n<p><strong>One of its main characteristics is its high digestibility.<\/strong><\/p>\n<p><strong>EuroPET<\/strong>\u00ae is ideal for baby dogs and\/or adult dogs feeding on balanced food and other diets, and exposed to highly demanding conditions, such as growth, gestation, lactation, gerontology, post-operative periods, convalescence, and illnesses. It is also used to prevent vitamin and mineral deficiencies.<\/p>\n<p>&nbsp;<\/p>\n<p><strong style=\"color: #333333; font-size: 22px;\">Which is its composition?<\/strong><\/p>\n<\/div>\n<\/div>\n<div class=\"wpb_text_column wpb_content_element \">\n<div class=\"wpb_wrapper\">\n<p>EuroPET contains brewer&#8217;s yeast, lactose-free milk, powdered egg, hydrolysate, butter, natural antioxidants, and flavor.<\/p>\n<p>Vitamins: A, D3, E, K, B1, B2, B6, B12, C, Nicotinamide, Calcium Pantothenate, Folic Acid, Biotin, and Choline.<\/p>\n<p>Minerals: Calcium, Phosphorus, Sodium, Potassium, Magnesium, Iron, Copper, Manganese, Zinc, Iodine, and Selenium.<\/p>\n<p>Nutritional Additves: Lysin, Methionine, Threonine, and Valine.<\/p>\n<p>Essential fatty acids: Omega-3 and Omega-6<\/p>\n<\/div>\n<\/div>\n<p>[\/et_pb_text][et_pb_button button_url=\u00bbhttps:\/\/europet.com.ar\/web\/wp-content\/uploads\/2023\/10\/perros-lata-1.png\u00bb button_text=\u00bb Supply mode\u00bb button_alignment=\u00bbcenter\u00bb module_class=\u00bbfoobox\u00bb _builder_version=\u00bb4.22.2&#8243; _module_preset=\u00bbdefault\u00bb custom_button=\u00bbon\u00bb button_text_size=\u00bb14px\u00bb button_text_color=\u00bb#FFFFFF\u00bb button_bg_color=\u00bb#2d5360&#8243; button_border_width=\u00bb0px\u00bb button_border_radius=\u00bb6px\u00bb button_use_icon=\u00bboff\u00bb global_colors_info=\u00bb{}\u00bb][\/et_pb_button][\/et_pb_column][et_pb_column type=\u00bb1_2&#8243; _builder_version=\u00bb4.22.2&#8243; _module_preset=\u00bbdefault\u00bb global_colors_info=\u00bb{}\u00bb][et_pb_image src=\u00bbhttps:\/\/europet.com.ar\/web\/wp-content\/uploads\/2023\/10\/perros-prod.png\u00bb alt=\u00bbEuropet Perros\u00bb title_text=\u00bbperros-prod\u00bb align=\u00bbcenter\u00bb _builder_version=\u00bb4.22.2&#8243; _module_preset=\u00bbdefault\u00bb global_colors_info=\u00bb{}\u00bb][\/et_pb_image][et_pb_button button_url=\u00bbhttps:\/\/www.tiendaeuropet.com\/productos\/alimento-complementario-para-perros-250-grs\/\u00bb button_text=\u00bbBuy\u00bb button_alignment=\u00bbcenter\u00bb _builder_version=\u00bb4.22.2&#8243; _module_preset=\u00bbdefault\u00bb custom_button=\u00bbon\u00bb button_text_size=\u00bb14px\u00bb button_text_color=\u00bb#FFFFFF\u00bb button_bg_color=\u00bb#2d5360&#8243; button_border_width=\u00bb0px\u00bb button_border_radius=\u00bb6px\u00bb button_icon=\u00bb&#xe015;||divi||400&#8243; global_colors_info=\u00bb{}\u00bb][\/et_pb_button][\/et_pb_column][\/et_pb_row][\/et_pb_section][et_pb_section fb_built=\u00bb1&#8243; _builder_version=\u00bb4.22.2&#8243; _module_preset=\u00bbdefault\u00bb background_color=\u00bb#475461&#8243; global_colors_info=\u00bb{}\u00bb global_module=\u00bb734&#8243; theme_builder_area=\u00bbpost_content\u00bb][et_pb_row column_structure=\u00bb1_4,1_4,1_4,1_4&#8243; _builder_version=\u00bb4.22.2&#8243; _module_preset=\u00bbdefault\u00bb max_width=\u00bb1160px\u00bb global_colors_info=\u00bb{}\u00bb theme_builder_area=\u00bbpost_content\u00bb][et_pb_column type=\u00bb1_4&#8243; _builder_version=\u00bb4.22.2&#8243; _module_preset=\u00bbdefault\u00bb global_colors_info=\u00bb{}\u00bb theme_builder_area=\u00bbpost_content\u00bb][et_pb_text _builder_version=\u00bb4.22.2&#8243; _module_preset=\u00bbdefault\u00bb text_line_height=\u00bb2em\u00bb global_colors_info=\u00bb{}\u00bb theme_builder_area=\u00bbpost_content\u00bb]<strong><a href=\"https:\/\/europet.com.ar\/web\/europet-en\/\">HOME<\/a><\/strong><br \/>\n<strong><a href=\"https:\/\/europet.com.ar\/web\/europet-dogs\">\u00a0 &#8211; Europet Dogs<\/a><\/strong><br \/>\n<strong><a href=\"https:\/\/europet.com.ar\/web\/europet-dogs-milk-substitute\/\">\u00a0 &#8211; Dogs milk substitute<\/a><\/strong><br \/>\n<strong><a href=\"https:\/\/europet.com.ar\/web\/europet-cats\/\">\u00a0 &#8211; Europet Cats<\/a><\/strong><br \/>\n<strong><a href=\"https:\/\/europet.com.ar\/web\/europet-cats-milk-substitute\/\">\u00a0&#8211;\u00a0 Cats milk substitute<\/a><\/strong><br \/>\n<strong><a href=\"https:\/\/europet.com.ar\/web\/europet-distributors\/\">DISTRIBUTORS<\/a><\/strong><br \/>\n<strong><a href=\"https:\/\/europet.com.ar\/web\/europet-useful-hints\/\">USEFUL HINTS<\/a><\/strong><br \/>\n<strong><a href=\"https:\/\/europet.com.ar\/web\/europet-contact-us\/\">CONTACT US<\/a><\/strong>[\/et_pb_text][\/et_pb_column][et_pb_column type=\u00bb1_4&#8243; _builder_version=\u00bb4.22.2&#8243; _module_preset=\u00bbdefault\u00bb global_colors_info=\u00bb{}\u00bb theme_builder_area=\u00bbpost_content\u00bb][et_pb_text _builder_version=\u00bb4.22.2&#8243; _module_preset=\u00bbdefault\u00bb text_text_color=\u00bb#FFFFFF\u00bb global_colors_info=\u00bb{}\u00bb theme_builder_area=\u00bbpost_content\u00bb]<\/p>\n<p><strong><br \/>ADDRESS<\/strong><br \/>AV. VIEYTES 1828 \/ 42 \u2013 (C1275AGV) CIUDAD AUT\u00d3NOMA DE BUENOS AIRES,<br \/>ARGENTINA<\/p>\n<p><strong>OPENING HOURS<\/strong><br \/>MONDAY TO FRIDAY 9 &#8211; 17 HS.<\/p>\n<p>[\/et_pb_text][\/et_pb_column][et_pb_column type=\u00bb1_4&#8243; _builder_version=\u00bb4.22.2&#8243; _module_preset=\u00bbdefault\u00bb global_colors_info=\u00bb{}\u00bb theme_builder_area=\u00bbpost_content\u00bb][et_pb_text _builder_version=\u00bb4.27.2&#8243; _module_preset=\u00bbdefault\u00bb text_text_color=\u00bb#FFFFFF\u00bb global_colors_info=\u00bb{}\u00bb theme_builder_area=\u00bbpost_content\u00bb]<\/p>\n<p><strong><br \/>PHONES<\/strong><br \/><span>+54 9 11 7203-0473<\/span><br \/><a href=\"https:\/\/w.app\/42st1n\" target=\"_blank\" rel=\"noopener\"><br \/><img decoding=\"async\" style=\"margin-top: -15px; margin-bottom: -15px;\" src=\"https:\/\/europet.com.ar\/web\/wp-content\/uploads\/2024\/10\/3-whats-icon.png\" alt=\"Whatsapp\" width=\"45px\" \/><\/a><\/p>\n<p><strong>EMAIL<\/strong><br \/>info@europet.com.ar<\/p>\n<p>[\/et_pb_text][\/et_pb_column][et_pb_column type=\u00bb1_4&#8243; _builder_version=\u00bb4.22.2&#8243; _module_preset=\u00bbdefault\u00bb global_colors_info=\u00bb{}\u00bb theme_builder_area=\u00bbpost_content\u00bb][\/et_pb_column][\/et_pb_row][\/et_pb_section]<\/p>\n","protected":false},"excerpt":{"rendered":"<p>EUROPET DOGS Dietary supplement EuroPET\u00ae is a highly accepted supplement food dogs can eat regardless of their physiological state. It contains proteins, vitamins, minerals, amino acids, MOS (Mannan Oligosaccharides), and high levels of Omega-3 and Omega-6 fatty acids. One of its main characteristics is its high digestibility. EuroPET\u00ae is ideal for baby dogs and\/or adult [&hellip;]<\/p>\n","protected":false},"author":2,"featured_media":0,"parent":0,"menu_order":0,"comment_status":"closed","ping_status":"closed","template":"","meta":{"_et_pb_use_builder":"on","_et_pb_old_content":"Esto es una p\u00e1gina de ejemplo. Es diferente a una entrada porque permanece fija en un lugar y se mostrar\u00e1 en la navegaci\u00f3n de tu sitio (en la mayor\u00eda de los temas). La mayor\u00eda de la gente empieza con una p\u00e1gina de Acerca de, que les presenta a los potenciales visitantes del sitio. Podr\u00eda ser algo como esto:\n\n<blockquote>\u00a1Hola! Soy mensajero por el d\u00eda, aspirante a actor por la noche, y este es mi blog. Vivo en Madrid, tengo un perrazo llamado Duque y me gustan las pi\u00f1as coladas (y que me pille un chaparr\u00f3n)<\/blockquote>\n\n...o algo as\u00ed:\n\n<blockquote>La empresa XYZ se fund\u00f3 en 1971 y ha estado ofreciendo \"cosas\" de calidad al p\u00fablico desde entonces. Situada en Madrid, XYZ emplea a m\u00e1s de 2.000 personas y hace todo tipo de cosas sorprendentes para la comunidad de Madrid.<\/blockquote>\n\nSi eres nuevo en WordPress deber\u00edas ir a <a href=\"https:\/\/europet.com.ar\/web\/wp-admin\/\">tu escritorio<\/a> para borrar esta p\u00e1ginay crear p\u00e1ginas nuevas con tu propio contenido. \u00a1P\u00e1salo bien!","_et_gb_content_width":"","footnotes":""},"class_list":["post-578","page","type-page","status-publish","hentry"],"_links":{"self":[{"href":"https:\/\/europet.com.ar\/web\/wp-json\/wp\/v2\/pages\/578","targetHints":{"allow":["GET"]}}],"collection":[{"href":"https:\/\/europet.com.ar\/web\/wp-json\/wp\/v2\/pages"}],"about":[{"href":"https:\/\/europet.com.ar\/web\/wp-json\/wp\/v2\/types\/page"}],"author":[{"embeddable":true,"href":"https:\/\/europet.com.ar\/web\/wp-json\/wp\/v2\/users\/2"}],"replies":[{"embeddable":true,"href":"https:\/\/europet.com.ar\/web\/wp-json\/wp\/v2\/comments?post=578"}],"version-history":[{"count":3,"href":"https:\/\/europet.com.ar\/web\/wp-json\/wp\/v2\/pages\/578\/revisions"}],"predecessor-version":[{"id":736,"href":"https:\/\/europet.com.ar\/web\/wp-json\/wp\/v2\/pages\/578\/revisions\/736"}],"wp:attachment":[{"href":"https:\/\/europet.com.ar\/web\/wp-json\/wp\/v2\/media?parent=578"}],"curies":[{"name":"wp","href":"https:\/\/api.w.org\/{rel}","templated":true}]}}