{"id":117,"date":"2023-10-05T09:26:00","date_gmt":"2023-10-05T12:26:00","guid":{"rendered":"https:\/\/europet.com.ar\/web\/?page_id=117"},"modified":"2023-10-06T16:13:25","modified_gmt":"2023-10-06T19:13:25","slug":"europet-perros","status":"publish","type":"page","link":"https:\/\/europet.com.ar\/web\/europet-perros\/","title":{"rendered":"Europet\u00ae &#8211; Perros"},"content":{"rendered":"<p>[et_pb_section fb_built=\u00bb1&#8243; _builder_version=\u00bb4.22.2&#8243; _module_preset=\u00bbdefault\u00bb custom_margin=\u00bb0px|0px|0px|0px|false|false\u00bb custom_padding=\u00bb0px|0px|0px|0px|false|false\u00bb global_colors_info=\u00bb{}\u00bb][et_pb_row _builder_version=\u00bb4.22.2&#8243; _module_preset=\u00bbdefault\u00bb width=\u00bb100%\u00bb max_width=\u00bb2560px\u00bb module_alignment=\u00bbcenter\u00bb custom_padding=\u00bb0px|0px|0px|0px|false|false\u00bb global_colors_info=\u00bb{}\u00bb][et_pb_column type=\u00bb4_4&#8243; _builder_version=\u00bb4.22.2&#8243; _module_preset=\u00bbdefault\u00bb global_colors_info=\u00bb{}\u00bb][et_pb_slider show_arrows=\u00bboff\u00bb disabled_on=\u00bboff|off|on\u00bb _builder_version=\u00bb4.22.2&#8243; _module_preset=\u00bbdefault\u00bb custom_margin=\u00bb||-5px|||\u00bb custom_padding=\u00bb||107px|||\u00bb animation_style=\u00bbfade\u00bb animation_starting_opacity=\u00bb100%\u00bb auto=\u00bbon\u00bb global_colors_info=\u00bb{}\u00bb][et_pb_slide _builder_version=\u00bb4.22.2&#8243; _module_preset=\u00bbdefault\u00bb background_color=\u00bbRGBA(255,255,255,0)\u00bb background_enable_color=\u00bbon\u00bb background_image=\u00bbhttps:\/\/europet.com.ar\/web\/wp-content\/uploads\/2023\/10\/slide-home-01.jpg\u00bb background_enable_image=\u00bbon\u00bb global_colors_info=\u00bb{}\u00bb sticky_transition=\u00bbon\u00bb][\/et_pb_slide][\/et_pb_slider][\/et_pb_column][\/et_pb_row][\/et_pb_section][et_pb_section fb_built=\u00bb1&#8243; fullwidth=\u00bbon\u00bb disabled_on=\u00bbon|on|off\u00bb _builder_version=\u00bb4.22.2&#8243; _module_preset=\u00bbdefault\u00bb global_colors_info=\u00bb{}\u00bb][et_pb_fullwidth_image src=\u00bbhttps:\/\/europet.com.ar\/web\/wp-content\/uploads\/2023\/10\/slide-home-01.jpg\u00bb title_text=\u00bbEuropet\u00bb _builder_version=\u00bb4.22.2&#8243; _module_preset=\u00bbdefault\u00bb global_colors_info=\u00bb{}\u00bb][\/et_pb_fullwidth_image][\/et_pb_section][et_pb_section fb_built=\u00bb1&#8243; _builder_version=\u00bb4.22.2&#8243; _module_preset=\u00bbdefault\u00bb background_color=\u00bb#e2e4e7&#8243; custom_padding=\u00bb48px|||||\u00bb global_colors_info=\u00bb{}\u00bb][et_pb_row column_structure=\u00bb1_2,1_2&#8243; _builder_version=\u00bb4.22.2&#8243; _module_preset=\u00bbdefault\u00bb max_width=\u00bb1160px\u00bb global_colors_info=\u00bb{}\u00bb][et_pb_column type=\u00bb1_2&#8243; _builder_version=\u00bb4.22.2&#8243; _module_preset=\u00bbdefault\u00bb global_colors_info=\u00bb{}\u00bb][et_pb_text _builder_version=\u00bb4.22.2&#8243; _module_preset=\u00bbdefault\u00bb global_colors_info=\u00bb{}\u00bb]<\/p>\n<h2 class=\"headline font-inherit fontsize-l fontweight-inherit lh-inherit align-left transform-inherit \">EUROPET PERROS<\/h2>\n<div class=\"wpb_text_column wpb_content_element \">\n<div class=\"wpb_wrapper\">\n<p><strong>EuroPET\u00ae es un alimento complementario de excelente aceptaci\u00f3n para caninos en todos sus estados fisiol\u00f3gicos.<\/strong><\/p>\n<p>Intervienen en su composici\u00f3n prote\u00ednas, vitaminas, minerales, amino\u00e1cidos, MOS \u00a0y altos niveles de \u00e1cidos grasos Omega 3 y Omega 6.<\/p>\n<p>Su alta digestibilidad es una de las principales caracter\u00edsticas.<\/p>\n<p>EuroPET\u00ae es ideal para cachorros y\/o adultos que comen alimento balanceado y otras dietas y que est\u00e1n expuestos a condiciones de alta exigencia como crecimiento, gestaci\u00f3n, lactancia, gerontolog\u00eda, per\u00edodos post operatorios, convalecencias, enfermedades y como preventivo de estado carencial de vitaminas y minerales.<\/p>\n<p>&nbsp;<\/p>\n<p>\u00a0<strong style=\"color: #333333; font-size: 22px;\">\u00bfC\u00f3mo est\u00e1 compuesto?<\/strong><\/p>\n<\/div>\n<\/div>\n<div class=\"wpb_text_column wpb_content_element \">\n<div class=\"wpb_wrapper\">\n<p><strong>Ingredientes<\/strong><\/p>\n<p>Leches Delactosadas, Hidrolizados, Harina de Soja Micronizada, Levadura de Cerveza, Huevo en Polvo, Mantecas. Vitaminas: A, D3, E, K3, B1, B2, B6, B12, C, Niacina, Pantotenato de Calcio, \u00c1cido F\u00f3lico, Biotina y Colina. Amino\u00e1cidos: Lisina, Metionina, Arginina, Treonina, Tript\u00f3fano y Valina. Minerales: Calcio, F\u00f3sforo, Sodio, Potasio, Magnesio, Hierro, Cobre, Manganeso, Zinc, Iodo y Selenio. Saborizante, Aromatizantes y Antioxidante.<br \/>Contiene \u00c1cidos Grasos Esenciales: Omega 3 y Omega 6.<\/p>\n<\/div>\n<\/div>\n<p>[\/et_pb_text][et_pb_button button_url=\u00bbhttps:\/\/europet.com.ar\/web\/wp-content\/uploads\/2023\/10\/perros-lata-1.png\u00bb button_text=\u00bbModo de suministro\u00bb button_alignment=\u00bbcenter\u00bb module_class=\u00bbfoobox\u00bb _builder_version=\u00bb4.22.2&#8243; _module_preset=\u00bbdefault\u00bb custom_button=\u00bbon\u00bb button_text_size=\u00bb14px\u00bb button_text_color=\u00bb#FFFFFF\u00bb button_bg_color=\u00bb#2d5360&#8243; button_border_width=\u00bb0px\u00bb button_border_radius=\u00bb6px\u00bb button_use_icon=\u00bboff\u00bb global_colors_info=\u00bb{}\u00bb][\/et_pb_button][\/et_pb_column][et_pb_column type=\u00bb1_2&#8243; _builder_version=\u00bb4.22.2&#8243; _module_preset=\u00bbdefault\u00bb global_colors_info=\u00bb{}\u00bb][et_pb_image src=\u00bbhttps:\/\/europet.com.ar\/web\/wp-content\/uploads\/2023\/10\/perros-prod.png\u00bb alt=\u00bbEuropet Perros\u00bb title_text=\u00bbperros-prod\u00bb align=\u00bbcenter\u00bb _builder_version=\u00bb4.22.2&#8243; _module_preset=\u00bbdefault\u00bb global_colors_info=\u00bb{}\u00bb][\/et_pb_image][et_pb_button button_url=\u00bbhttps:\/\/www.tiendaeuropet.com\/productos\/alimento-complementario-para-perros-250-grs\/\u00bb button_text=\u00bbCOMPRAR\u00bb button_alignment=\u00bbcenter\u00bb _builder_version=\u00bb4.22.2&#8243; _module_preset=\u00bbdefault\u00bb custom_button=\u00bbon\u00bb button_text_size=\u00bb14px\u00bb button_text_color=\u00bb#FFFFFF\u00bb button_bg_color=\u00bb#2d5360&#8243; button_border_width=\u00bb0px\u00bb button_border_radius=\u00bb6px\u00bb button_icon=\u00bb&#xe015;||divi||400&#8243; global_colors_info=\u00bb{}\u00bb][\/et_pb_button][\/et_pb_column][\/et_pb_row][\/et_pb_section][et_pb_section fb_built=\u00bb1&#8243; _builder_version=\u00bb4.22.2&#8243; _module_preset=\u00bbdefault\u00bb background_color=\u00bb#475461&#8243; global_colors_info=\u00bb{}\u00bb theme_builder_area=\u00bbpost_content\u00bb][et_pb_row column_structure=\u00bb1_4,1_4,1_4,1_4&#8243; _builder_version=\u00bb4.22.2&#8243; _module_preset=\u00bbdefault\u00bb max_width=\u00bb1160px\u00bb global_colors_info=\u00bb{}\u00bb theme_builder_area=\u00bbpost_content\u00bb][et_pb_column type=\u00bb1_4&#8243; _builder_version=\u00bb4.22.2&#8243; _module_preset=\u00bbdefault\u00bb global_colors_info=\u00bb{}\u00bb theme_builder_area=\u00bbpost_content\u00bb][et_pb_text _builder_version=\u00bb4.22.2&#8243; _module_preset=\u00bbdefault\u00bb text_line_height=\u00bb2em\u00bb global_colors_info=\u00bb{}\u00bb theme_builder_area=\u00bbpost_content\u00bb]<\/p>\n<p><strong><a href=\"https:\/\/europet.com.ar\/web\/\">HOME<\/a><\/strong><br \/><strong><a href=\"https:\/\/europet.com.ar\/web\/europet-perros\/\">\u00a0 &#8211; Europet perros<\/a><\/strong><br \/><strong><a href=\"https:\/\/europet.com.ar\/web\/europet-sustituto-lacteo\/\">\u00a0 &#8211; Europet Sust. Lact. perros<\/a><\/strong><br \/><strong><a href=\"https:\/\/europet.com.ar\/web\/europet-gatos\/\">\u00a0 &#8211; Europet gatos<\/a><\/strong><br \/><strong><a href=\"https:\/\/europet.com.ar\/web\/europet-sustituto-lacteo-gatos\/\">\u00a0&#8211;\u00a0 Europet Sust. Lact. gatos<\/a><\/strong><br \/><strong><a href=\"https:\/\/europet.com.ar\/web\/europet-distribuidores\/\">DISTRIBUIDORES<\/a><\/strong><br \/><strong><a href=\"https:\/\/europet.com.ar\/web\/europet-consejos-utiles\/\">CONSEJOS \u00daTILES<\/a><\/strong><br \/><strong><a href=\"https:\/\/europet.com.ar\/web\/europet-atencion-al-cliente\/\">CONTACTO<\/a><\/strong><\/p>\n<p>[\/et_pb_text][\/et_pb_column][et_pb_column type=\u00bb1_4&#8243; _builder_version=\u00bb4.22.2&#8243; _module_preset=\u00bbdefault\u00bb global_colors_info=\u00bb{}\u00bb theme_builder_area=\u00bbpost_content\u00bb][et_pb_text _builder_version=\u00bb4.22.2&#8243; _module_preset=\u00bbdefault\u00bb text_text_color=\u00bb#FFFFFF\u00bb global_colors_info=\u00bb{}\u00bb theme_builder_area=\u00bbpost_content\u00bb]<\/p>\n<p><strong><br \/>DIRECCI\u00d3N<\/strong><br \/>AV. VIEYTES 1828 \/ 42 \u2013 (C1275AGV) CIUDAD AUT\u00d3NOMA DE BUENOS AIRES,<br \/>ARGENTINA<\/p>\n<p><strong>HORARIO<\/strong><br \/>LUNES A VIERNES DE 9 A 17 HS.<\/p>\n<p>[\/et_pb_text][\/et_pb_column][et_pb_column type=\u00bb1_4&#8243; _builder_version=\u00bb4.22.2&#8243; _module_preset=\u00bbdefault\u00bb global_colors_info=\u00bb{}\u00bb theme_builder_area=\u00bbpost_content\u00bb][et_pb_text _builder_version=\u00bb4.22.2&#8243; _module_preset=\u00bbdefault\u00bb text_text_color=\u00bb#FFFFFF\u00bb global_colors_info=\u00bb{}\u00bb theme_builder_area=\u00bbpost_content\u00bb]<\/p>\n<p><strong><br \/>TEL\u00c9FONOS<\/strong><br \/>+54 11 4303-1213<br \/>+54 11 4303-5751<br \/>+54 11 4303-5752<\/p>\n<p><strong>E-MAIL<\/strong><br \/>info@europet.com.ar<\/p>\n<p>[\/et_pb_text][\/et_pb_column][et_pb_column type=\u00bb1_4&#8243; _builder_version=\u00bb4.22.2&#8243; _module_preset=\u00bbdefault\u00bb global_colors_info=\u00bb{}\u00bb theme_builder_area=\u00bbpost_content\u00bb][\/et_pb_column][\/et_pb_row][\/et_pb_section]<\/p>\n","protected":false},"excerpt":{"rendered":"<p>EUROPET PERROS EuroPET\u00ae es un alimento complementario de excelente aceptaci\u00f3n para caninos en todos sus estados fisiol\u00f3gicos. Intervienen en su composici\u00f3n prote\u00ednas, vitaminas, minerales, amino\u00e1cidos, MOS \u00a0y altos niveles de \u00e1cidos grasos Omega 3 y Omega 6. Su alta digestibilidad es una de las principales caracter\u00edsticas. EuroPET\u00ae es ideal para cachorros y\/o adultos que comen [&hellip;]<\/p>\n","protected":false},"author":2,"featured_media":0,"parent":0,"menu_order":0,"comment_status":"closed","ping_status":"closed","template":"","meta":{"_et_pb_use_builder":"on","_et_pb_old_content":"Esto es una p\u00e1gina de ejemplo. Es diferente a una entrada porque permanece fija en un lugar y se mostrar\u00e1 en la navegaci\u00f3n de tu sitio (en la mayor\u00eda de los temas). La mayor\u00eda de la gente empieza con una p\u00e1gina de Acerca de, que les presenta a los potenciales visitantes del sitio. Podr\u00eda ser algo como esto:\n\n<blockquote>\u00a1Hola! Soy mensajero por el d\u00eda, aspirante a actor por la noche, y este es mi blog. Vivo en Madrid, tengo un perrazo llamado Duque y me gustan las pi\u00f1as coladas (y que me pille un chaparr\u00f3n)<\/blockquote>\n\n...o algo as\u00ed:\n\n<blockquote>La empresa XYZ se fund\u00f3 en 1971 y ha estado ofreciendo \"cosas\" de calidad al p\u00fablico desde entonces. Situada en Madrid, XYZ emplea a m\u00e1s de 2.000 personas y hace todo tipo de cosas sorprendentes para la comunidad de Madrid.<\/blockquote>\n\nSi eres nuevo en WordPress deber\u00edas ir a <a href=\"https:\/\/europet.com.ar\/web\/wp-admin\/\">tu escritorio<\/a> para borrar esta p\u00e1ginay crear p\u00e1ginas nuevas con tu propio contenido. \u00a1P\u00e1salo bien!","_et_gb_content_width":"","footnotes":""},"class_list":["post-117","page","type-page","status-publish","hentry"],"_links":{"self":[{"href":"https:\/\/europet.com.ar\/web\/wp-json\/wp\/v2\/pages\/117","targetHints":{"allow":["GET"]}}],"collection":[{"href":"https:\/\/europet.com.ar\/web\/wp-json\/wp\/v2\/pages"}],"about":[{"href":"https:\/\/europet.com.ar\/web\/wp-json\/wp\/v2\/types\/page"}],"author":[{"embeddable":true,"href":"https:\/\/europet.com.ar\/web\/wp-json\/wp\/v2\/users\/2"}],"replies":[{"embeddable":true,"href":"https:\/\/europet.com.ar\/web\/wp-json\/wp\/v2\/comments?post=117"}],"version-history":[{"count":11,"href":"https:\/\/europet.com.ar\/web\/wp-json\/wp\/v2\/pages\/117\/revisions"}],"predecessor-version":[{"id":531,"href":"https:\/\/europet.com.ar\/web\/wp-json\/wp\/v2\/pages\/117\/revisions\/531"}],"wp:attachment":[{"href":"https:\/\/europet.com.ar\/web\/wp-json\/wp\/v2\/media?parent=117"}],"curies":[{"name":"wp","href":"https:\/\/api.w.org\/{rel}","templated":true}]}}